{"id":235620,"date":"2020-09-24T15:47:28","date_gmt":"2020-09-24T13:47:28","guid":{"rendered":"https:\/\/atyla.org\/?post_type=product&#038;p=235620"},"modified":"2023-06-07T17:59:10","modified_gmt":"2023-06-07T15:59:10","slug":"flexible-contribution","status":"publish","type":"product","link":"https:\/\/atyla.org\/pt\/-\/contribuicao-flexivel","title":{"rendered":"Contribui\u00e7\u00e3o flex\u00edvel"},"content":{"rendered":"<p>[et_pb_section fb_built=&#8221;1&#8243; admin_label=&#8221;Hero&#8221; _builder_version=&#8221;4.4.2&#8243; background_color=&#8221;#aa0000&#8243; background_enable_image=&#8221;off&#8221; parallax=&#8221;on&#8221; custom_padding=&#8221;17px||17px||true|false&#8221; bottom_divider_color=&#8221;#ed4441&#8243; bottom_divider_height=&#8221;52px&#8221; locked=&#8221;off&#8221;][et_pb_row use_custom_gutter=&#8221;on&#8221; gutter_width=&#8221;2&#8243; module_class=&#8221; et_pb_row_fullwidth&#8221; _builder_version=&#8221;4.0.6&#8243; width_tablet=&#8221;80%&#8221; width_phone=&#8221;&#8221; width_last_edited=&#8221;on|desktop&#8221; max_width_tablet=&#8221;100%&#8221; max_width_phone=&#8221;&#8221; max_width_last_edited=&#8221;on|desktop&#8221; custom_padding=&#8221;15px||15px||true|&#8221; make_fullwidth=&#8221;on&#8221;][et_pb_column type=&#8221;4_4&#8243; _builder_version=&#8221;3.25&#8243; background_position=&#8221;top_left&#8221; custom_padding=&#8221;|||&#8221; custom_padding__hover=&#8221;|||&#8221;][et_pb_text admin_label=&#8221;Hero Title&#8221; _builder_version=&#8221;4.5.3&#8243; text_font=&#8221;||||&#8221; text_text_color=&#8221;#1a1a1a&#8221; header_font=&#8221;||||||||&#8221; header_text_align=&#8221;center&#8221; header_font_size=&#8221;60px&#8221; header_line_height=&#8221;1.3em&#8221; background_layout=&#8221;dark&#8221; custom_margin=&#8221;||0px||false|false&#8221; animation_direction=&#8221;top&#8221; header_font_size_tablet=&#8221;&#8221; header_font_size_phone=&#8221;50px&#8221; header_font_size_last_edited=&#8221;on|phone&#8221; locked=&#8221;off&#8221;]<\/p>\n<h1>Flexible contribution<\/h1>\n<p>[\/et_pb_text][\/et_pb_column][\/et_pb_row][\/et_pb_section][et_pb_section fb_built=&#8221;1&#8243; _builder_version=&#8221;4.3.4&#8243; custom_margin=&#8221;||||false|false&#8221; custom_padding=&#8221;0px||||false|false&#8221;][et_pb_row column_structure=&#8221;3_5,2_5&#8243; use_custom_gutter=&#8221;on&#8221; gutter_width=&#8221;2&#8243; make_equal=&#8221;on&#8221; _builder_version=&#8221;4.5.3&#8243; custom_margin=&#8221;0px|auto||auto|false|false&#8221; custom_padding=&#8221;22px||||false|false&#8221;][et_pb_column type=&#8221;3_5&#8243; _builder_version=&#8221;4.0.6&#8243;][et_pb_wc_description _builder_version=&#8221;4.0.6&#8243; background_color=&#8221;rgba(214,214,214,0.3)&#8221; custom_padding=&#8221;20px|20px||20px|false|false&#8221;][\/et_pb_wc_description][\/et_pb_column][et_pb_column type=&#8221;2_5&#8243; _builder_version=&#8221;4.0.6&#8243;][et_pb_wc_add_to_cart show_stock=&#8221;off&#8221; _builder_version=&#8221;4.4.7&#8243; fields_custom_margin=&#8221;20px||||false|false&#8221; fields_custom_padding=&#8221;||||false|false&#8221; custom_button=&#8221;on&#8221; button_text_color=&#8221;#333333&#8243; button_border_color=&#8221;#333333&#8243; button_border_radius=&#8221;3px&#8221; button_use_icon=&#8221;off&#8221; button_custom_margin=&#8221;20px||||false|false&#8221; button_custom_padding=&#8221;||||false|false&#8221; custom_padding=&#8221;20px||0px||false|false&#8221; custom_padding_tablet=&#8221;0px||||false|false&#8221; custom_padding_phone=&#8221;0px||||false|false&#8221; custom_padding_last_edited=&#8221;on|desktop&#8221; button_text_color__hover_enabled=&#8221;on|hover&#8221; button_text_color__hover=&#8221;#333333&#8243; button_border_color__hover_enabled=&#8221;on|hover&#8221; button_border_color__hover=&#8221;#333333&#8243;][\/et_pb_wc_add_to_cart][\/et_pb_column][\/et_pb_row][et_pb_row column_structure=&#8221;2_5,3_5&#8243; use_custom_gutter=&#8221;on&#8221; gutter_width=&#8221;1&#8243; _builder_version=&#8221;4.5.1&#8243; background_size=&#8221;initial&#8221; background_position=&#8221;top_left&#8221; background_repeat=&#8221;repeat&#8221; custom_padding=&#8221;0px||||false|false&#8221;][et_pb_column type=&#8221;2_5&#8243; _builder_version=&#8221;3.25&#8243; custom_padding=&#8221;|||&#8221; custom_padding__hover=&#8221;|||&#8221;][et_pb_image src=&#8221;https:\/\/atyla.org\/wp-content\/uploads\/2020\/07\/Atyla-sailing-ocean-adventure-ship-trip-participate-join-crew.jpg&#8221; alt=&#8221;Atyla sailing ocean adventure ship trip participate join crew&#8221; title_text=&#8221;Atyla sailing ocean adventure ship trip participate join crew&#8221; admin_label=&#8221;Featured image&#8221; _builder_version=&#8221;4.5.3&#8243; custom_margin=&#8221;||15px||false|false&#8221;][\/et_pb_image][\/et_pb_column][et_pb_column type=&#8221;3_5&#8243; _builder_version=&#8221;3.25&#8243; custom_padding=&#8221;|||&#8221; custom_padding__hover=&#8221;|||&#8221;][et_pb_wc_tabs include_tabs=&#8221;description|&#8221; _builder_version=&#8221;4.5.1&#8243;]\t\t\t\t\t[\/et_pb_wc_tabs][\/et_pb_column][\/et_pb_row][et_pb_row disabled_on=&#8221;on|on|on&#8221; _builder_version=&#8221;4.4.2&#8243; disabled=&#8221;on&#8221;][et_pb_column type=&#8221;4_4&#8243; _builder_version=&#8221;4.0.6&#8243;][et_pb_wc_meta show_sku=&#8221;off&#8221; _builder_version=&#8221;4.0.6&#8243;][\/et_pb_wc_meta][\/et_pb_column][\/et_pb_row][\/et_pb_section]<\/p>\n","protected":false},"excerpt":{"rendered":"<p><b>Vai para <a href=\"https:\/\/atyla.org\/pt\/contribuicao\/\">https:\/\/atyla.org\/contribution<\/a> para ver esta p\u00e1gina correctamente<\/b><\/p>","protected":false},"featured_media":235185,"template":"","meta":{"_et_pb_use_builder":"on","_et_pb_old_content":"If you have any doubts please contact us.","_et_gb_content_width":""},"product_cat":[101],"product_tag":[],"_links":{"self":[{"href":"https:\/\/atyla.org\/pt\/wp-json\/wp\/v2\/product\/235620"}],"collection":[{"href":"https:\/\/atyla.org\/pt\/wp-json\/wp\/v2\/product"}],"about":[{"href":"https:\/\/atyla.org\/pt\/wp-json\/wp\/v2\/types\/product"}],"wp:featuredmedia":[{"embeddable":true,"href":"https:\/\/atyla.org\/pt\/wp-json\/wp\/v2\/media\/235185"}],"wp:attachment":[{"href":"https:\/\/atyla.org\/pt\/wp-json\/wp\/v2\/media?parent=235620"}],"wp:term":[{"taxonomy":"product_cat","embeddable":true,"href":"https:\/\/atyla.org\/pt\/wp-json\/wp\/v2\/product_cat?post=235620"},{"taxonomy":"product_tag","embeddable":true,"href":"https:\/\/atyla.org\/pt\/wp-json\/wp\/v2\/product_tag?post=235620"}],"curies":[{"name":"wp","href":"https:\/\/api.w.org\/{rel}","templated":true}]}}