{"id":246334,"date":"2024-04-04T11:57:56","date_gmt":"2024-04-04T09:57:56","guid":{"rendered":"https:\/\/atyla.org\/?post_type=product&#038;p=246334"},"modified":"2024-04-30T16:23:49","modified_gmt":"2024-04-30T14:23:49","slug":"celebracion-athletic-club-11-de-abril","status":"publish","type":"product","link":"https:\/\/atyla.org\/es\/-\/celebracion-athletic-club-bilbao-11-de-abril","title":{"rendered":"Celebraci\u00f3n Athletic Club \u2013 11 de Abril"},"content":{"rendered":"<p>[et_pb_section fb_built=&#8221;1&#8243; _builder_version=&#8221;4.23.1&#8243; custom_margin=&#8221;||||false|false&#8221; custom_padding=&#8221;16px||||false|false&#8221; global_colors_info=&#8221;{}&#8221;][et_pb_row admin_label=&#8221;Fila 2&#8243; _builder_version=&#8221;4.0.6&#8243; custom_padding=&#8221;0px||3px|||&#8221; global_module=&#8221;238895&#8243; global_colors_info=&#8221;{}&#8221;][et_pb_column type=&#8221;4_4&#8243; _builder_version=&#8221;4.16&#8243; global_colors_info=&#8221;{}&#8221;][et_pb_wc_title _builder_version=&#8221;4.16&#8243; header_level=&#8221;h2&#8243; custom_margin=&#8221;||0px||false|false&#8221; custom_margin_tablet=&#8221;&#8221; custom_margin_phone=&#8221;6px||0px||false|false&#8221; custom_margin_last_edited=&#8221;on|phone&#8221; global_colors_info=&#8221;{}&#8221;][\/et_pb_wc_title][et_pb_image src=&#8221;@ET-DC@eyJkeW5hbWljIjp0cnVlLCJjb250ZW50IjoicG9zdF9mZWF0dXJlZF9pbWFnZSIsInNldHRpbmdzIjp7fX0=@&#8221; align=&#8221;center&#8221; force_fullwidth=&#8221;on&#8221; disabled_on=&#8221;off|on|on&#8221; admin_label=&#8221;Featured image&#8221; _builder_version=&#8221;4.16&#8243; _dynamic_attributes=&#8221;src&#8221; custom_margin=&#8221;||15px||false|false&#8221; global_colors_info=&#8221;{}&#8221;][\/et_pb_image][\/et_pb_column][\/et_pb_row][et_pb_row column_structure=&#8221;2_3,1_3&#8243; use_custom_gutter=&#8221;on&#8221; gutter_width=&#8221;2&#8243; make_equal=&#8221;on&#8221; admin_label=&#8221;Fila 3&#8243; _builder_version=&#8221;4.16&#8243; custom_margin=&#8221;0px|auto||auto|false|false&#8221; custom_padding=&#8221;0px||||false|false&#8221; global_colors_info=&#8221;{}&#8221;][et_pb_column type=&#8221;2_3&#8243; _builder_version=&#8221;4.16&#8243; global_colors_info=&#8221;{}&#8221;][et_pb_wc_description _builder_version=&#8221;4.16&#8243; background_color=&#8221;rgba(214,214,214,0.3)&#8221; custom_padding=&#8221;20px|20px||20px|false|false&#8221; global_colors_info=&#8221;{}&#8221;][\/et_pb_wc_description][\/et_pb_column][et_pb_column type=&#8221;1_3&#8243; _builder_version=&#8221;4.16&#8243; global_colors_info=&#8221;{}&#8221;][et_pb_text disabled_on=&#8221;off|off|off&#8221; _builder_version=&#8221;4.23.1&#8243; text_font_size=&#8221;22px&#8221; module_alignment=&#8221;center&#8221; custom_margin=&#8221;||-10px||false|false&#8221; custom_padding=&#8221;||0px||false|false&#8221; global_colors_info=&#8221;{}&#8221;]<\/p>\n<p>Plazas a bordo limitadas. Reserva la tuya aqu\u00ed:<\/p>\n<p>[\/et_pb_text][et_pb_wc_price _builder_version=&#8221;4.23.1&#8243; body_font=&#8221;|700|||||||&#8221; body_font_size=&#8221;35px&#8221; before_sale_price_text_color=&#8221;#7c7c7c&#8221; sale_price_text_color=&#8221;#ed4441&#8243; text_orientation=&#8221;center&#8221; module_alignment=&#8221;right&#8221; custom_margin=&#8221;||-10px||false|false&#8221; custom_padding=&#8221;||0px||false|false&#8221; global_colors_info=&#8221;{}&#8221;][\/et_pb_wc_price][et_pb_wc_add_to_cart show_quantity=&#8221;off&#8221; show_stock=&#8221;off&#8221; _builder_version=&#8221;4.23.1&#8243; fields_custom_margin=&#8221;20px||||false|false&#8221; fields_custom_padding=&#8221;||||false|false&#8221; dropdown_menus_custom_margin=&#8221;||0px||false|false&#8221; fields_text_align=&#8221;center&#8221; custom_button=&#8221;on&#8221; button_text_color=&#8221;#333333&#8243; button_border_color=&#8221;#333333&#8243; button_border_radius=&#8221;3px&#8221; button_use_icon=&#8221;off&#8221; button_custom_margin=&#8221;0px||||false|false&#8221; button_custom_padding=&#8221;||||false|false&#8221; module_alignment=&#8221;center&#8221; custom_padding=&#8221;15px||0px||false|false&#8221; custom_padding_tablet=&#8221;0px||||false|false&#8221; custom_padding_phone=&#8221;0px||||false|false&#8221; custom_padding_last_edited=&#8221;on|desktop&#8221; module_alignment_tablet=&#8221;center&#8221; module_alignment_phone=&#8221;center&#8221; module_alignment_last_edited=&#8221;off|desktop&#8221; global_colors_info=&#8221;{}&#8221; button_text_color__hover_enabled=&#8221;on|hover&#8221; button_text_color__hover=&#8221;#333333&#8243; button_border_color__hover_enabled=&#8221;on|hover&#8221; button_border_color__hover=&#8221;#333333&#8243;][\/et_pb_wc_add_to_cart][\/et_pb_column][\/et_pb_row][et_pb_row column_structure=&#8221;2_5,3_5&#8243; use_custom_gutter=&#8221;on&#8221; gutter_width=&#8221;1&#8243; _builder_version=&#8221;4.16&#8243; background_size=&#8221;initial&#8221; background_position=&#8221;top_left&#8221; background_repeat=&#8221;repeat&#8221; custom_padding=&#8221;0px||||false|false&#8221; locked=&#8221;off&#8221; global_colors_info=&#8221;{}&#8221;][et_pb_column type=&#8221;2_5&#8243; _builder_version=&#8221;4.16&#8243; custom_padding=&#8221;|||&#8221; global_colors_info=&#8221;{}&#8221; custom_padding__hover=&#8221;|||&#8221;][et_pb_image src=&#8221;@ET-DC@eyJkeW5hbWljIjp0cnVlLCJjb250ZW50IjoicG9zdF9mZWF0dXJlZF9pbWFnZSIsInNldHRpbmdzIjp7fX0=@&#8221; align=&#8221;center&#8221; force_fullwidth=&#8221;on&#8221; disabled_on=&#8221;on|off|off&#8221; admin_label=&#8221;Featured image (map)&#8221; _builder_version=&#8221;4.9.1&#8243; _dynamic_attributes=&#8221;src&#8221; custom_margin=&#8221;||15px||false|false&#8221; border_radii=&#8221;on|8px|8px|8px|8px&#8221; global_module=&#8221;239415&#8243; saved_tabs=&#8221;all&#8221; global_colors_info=&#8221;{}&#8221;][\/et_pb_image][et_pb_image src=&#8221;https:\/\/atyla.org\/wp-content\/uploads\/2021\/03\/Bilbao-tall-ship-Atyla-sailing-ship-bizkaia-bridge-portugalete-arenas.jpg&#8221; alt=&#8221;Bilbao, Tall Ship, Atyla, Sailing Ship, Bizkaia Bridge, Portugalete Arenas&#8221; title_text=&#8221;Bilbao, Tall Ship, Atyla, Sailing Ship, Bizkaia Bridge, Portugalete Arenas&#8221; force_fullwidth=&#8221;on&#8221; disabled_on=&#8221;off|off|off&#8221; admin_label=&#8221;Image Bizkaia Bridge&#8221; _builder_version=&#8221;4.20.4&#8243; custom_margin=&#8221;||15px||false|false&#8221; border_radii=&#8221;on|8px|8px|8px|8px&#8221; global_colors_info=&#8221;{}&#8221;][\/et_pb_image][et_pb_image src=&#8221;https:\/\/atyla.org\/wp-content\/uploads\/2024\/04\/Celebracion-gabarra-Athletic-club-Bilbao-2024-copa-del-rey-Ria-tickets.jpg&#8221; alt=&#8221;Celebracion Gabarra Athletic Club Bilbao 2024, Copa Del Rey, Ri\u0301a, Tickets&#8221; title_text=&#8221;Celebracion Gabarra Athletic Club Bilbao 2024, Copa Del Rey, Ri\u0301a, Tickets&#8221; force_fullwidth=&#8221;on&#8221; disabled_on=&#8221;off|off|off&#8221; admin_label=&#8221;Image gabarra&#8221; _builder_version=&#8221;4.23.1&#8243; custom_margin=&#8221;||15px||false|false&#8221; border_radii=&#8221;on|8px|8px|8px|8px&#8221; global_colors_info=&#8221;{}&#8221;][\/et_pb_image][et_pb_image src=&#8221;https:\/\/atyla.org\/wp-content\/uploads\/2024\/04\/horario-celebracion-Athletic-club-2024-11-de-Abril-actividades-ticket-apuntarse-Recorrido-ria-Bilbao-Barco-historico-Atyla-viaje.jpg&#8221; alt=&#8221;Horario Celebracio\u0301n Athletic Club 2024, 11 De Abril, Actividades, Ticket Apuntarse, Recorrido Ri\u0301a Bilbao, Barco Histo\u0301rico Atyla, Viaje&#8221; title_text=&#8221;Horario Celebracio\u0301n Athletic Club 2024, 11 De Abril, Actividades, Ticket Apuntarse, Recorrido Ri\u0301a Bilbao, Barco Histo\u0301rico Atyla, Viaje&#8221; force_fullwidth=&#8221;on&#8221; disabled_on=&#8221;on|on|off&#8221; admin_label=&#8221;Imagen detalles&#8221; _builder_version=&#8221;4.23.1&#8243; custom_margin=&#8221;||15px||false|false&#8221; border_radii=&#8221;on|8px|8px|8px|8px&#8221; global_colors_info=&#8221;{}&#8221;][\/et_pb_image][\/et_pb_column][et_pb_column type=&#8221;3_5&#8243; _builder_version=&#8221;4.16&#8243; custom_padding=&#8221;|||&#8221; global_colors_info=&#8221;{}&#8221; custom_padding__hover=&#8221;|||&#8221;][et_pb_wc_tabs include_tabs=&#8221;description|&#8221; admin_label=&#8221;Long description&#8221; _builder_version=&#8221;4.9.1&#8243; custom_margin=&#8221;||||false|false&#8221; custom_margin_tablet=&#8221;15px||||false|false&#8221; custom_margin_phone=&#8221;15px||||false|false&#8221; custom_margin_last_edited=&#8221;on|tablet&#8221; custom_padding=&#8221;||||false|false&#8221; global_module=&#8221;239412&#8243; saved_tabs=&#8221;all&#8221; global_colors_info=&#8221;{}&#8221;][\/et_pb_wc_tabs][et_pb_wc_add_to_cart show_quantity=&#8221;off&#8221; show_stock=&#8221;off&#8221; _builder_version=&#8221;4.5.3&#8243; fields_custom_margin=&#8221;20px||||false|false&#8221; fields_custom_padding=&#8221;||||false|false&#8221; custom_button=&#8221;on&#8221; button_text_color=&#8221;#333333&#8243; button_border_color=&#8221;#333333&#8243; button_border_radius=&#8221;3px&#8221; button_use_icon=&#8221;off&#8221; button_custom_margin=&#8221;0px||||false|false&#8221; button_custom_padding=&#8221;||||false|false&#8221; custom_padding=&#8221;20px||0px|25px|false|false&#8221; custom_padding_tablet=&#8221;19px|||25px|false|false&#8221; custom_padding_phone=&#8221;20px|||0px|false|false&#8221; custom_padding_last_edited=&#8221;on|phone&#8221; global_module=&#8221;239413&#8243; saved_tabs=&#8221;all&#8221; locked=&#8221;off&#8221; global_colors_info=&#8221;{}&#8221; button_text_color__hover_enabled=&#8221;on|hover&#8221; button_text_color__hover=&#8221;#333333&#8243; button_border_color__hover_enabled=&#8221;on|hover&#8221; button_border_color__hover=&#8221;#333333&#8243;][\/et_pb_wc_add_to_cart][et_pb_image src=&#8221;https:\/\/atyla.org\/wp-content\/uploads\/2024\/04\/horario-celebracion-Athletic-club-2024-11-de-Abril-actividades-ticket-apuntarse-Recorrido-ria-Bilbao-Barco-historico-Atyla-viaje.jpg&#8221; alt=&#8221;Horario Celebracio\u0301n Athletic Club 2024, 11 De Abril, Actividades, Ticket Apuntarse, Recorrido Ri\u0301a Bilbao, Barco Histo\u0301rico Atyla, Viaje&#8221; title_text=&#8221;Horario Celebracio\u0301n Athletic Club 2024, 11 De Abril, Actividades, Ticket Apuntarse, Recorrido Ri\u0301a Bilbao, Barco Histo\u0301rico Atyla, Viaje&#8221; force_fullwidth=&#8221;on&#8221; disabled_on=&#8221;off|off|on&#8221; admin_label=&#8221;Imagen detalles&#8221; _builder_version=&#8221;4.23.1&#8243; custom_margin=&#8221;10px||||false|false&#8221; border_radii=&#8221;on|8px|8px|8px|8px&#8221; locked=&#8221;off&#8221; global_colors_info=&#8221;{}&#8221;][\/et_pb_image][\/et_pb_column][\/et_pb_row][\/et_pb_section]<\/p>\n","protected":false},"excerpt":{"rendered":"<p><b>ACTUALIZACI\u00d3N: NO QUEDAN PLAZAS. NO HAY LISTA DE ESPERA. LO SENTIMOS.<\/b><\/p>\n<p>Lugar de embarque y desembarque: <b><a href=\"https:\/\/maps.app.goo.gl\/k8JzTAzmXHaWDBZj9\" target=\"_blank\" rel=\"noopener\">Junto al Puente Bizkaia<\/a><\/b><br \/>\nDuraci\u00f3n: <b>Desde las 14:30 hasta las 19:00<\/b>.<\/p>\n<p>Este jueves 11 de abril, se vivir\u00e1 un momento hist\u00f3rico tras la victoria del Athletic en la Copa del Rey: La concentraci\u00f3n n\u00e1utica acompa\u00f1ando a la gabarra Athletic con los jugadores por toda la r\u00eda de Bilbao.<\/p>\n<p>El velero hist\u00f3rico Atyla, patrimonio vivo de Bilbao y de Bizkaia, participar\u00e1 en la celebraci\u00f3n y t\u00fa puedes vivir a bordo de este momento hist\u00f3rico.<\/p>","protected":false},"featured_media":246341,"template":"","meta":{"_et_pb_use_builder":"on","_et_pb_old_content":"El Atyla es una goleta de dos m\u00e1stiles, 31 metros de eslora y capacidad para 70 personas. Construida en Lekeitio y arbolada en Erandio, en los a\u00f1os 80 ya estuvo una vez amarrada junto a la Gabarra Athletic.\r\n\r\n<h4>Para la ocasi\u00f3n, el evento incluye:<\/h4>\r\n<ul>\r\n     <li>El barco engalanado con los colores del Athletic Club de Bilbao.<\/li>\r\n     <li>Catering inspirado en la cocina tradicional vasca.<\/li>\r\n     <li>M\u00fasica en directo de uno de los mejores DJs de Bilbao.<\/li>\r\n     <li>Una consumici\u00f3n en el bar (y bebidas disponibles a precios razonables).<\/li>\r\n     <li>Permisos de navegaci\u00f3n, seguros, tasas del Athletic, dotaci\u00f3n de 10 tripulantes, embarcaci\u00f3n de apoyo y rescate.<\/li>\r\n     <\/ul>\r\n\r\nEl barco Atyla, tiene una plaza en el bloque F, del desfile. Empezaremos el recorrido en Santurce, donde veremos pasar la gabarra y nos uniremos a la comitiva. Nuestro recorrido llegar\u00e1 hasta Punta Zorroza (San Ignacio) donde nos daremos la vuelta y volveremos a Portugalete.\r\n\r\n<h4>HORARIOS:<\/h4>\r\n<ul>\r\n     <li>El embarque comienza a las 14:30h y se cierra a las 15:15h. Os aconsejamos que llegu\u00e9is al barco antes de las 15:00h y tener en cuenta que aparcar por la zona ser\u00e1 muy complicado y que puede haber aglomeraciones, cortes de carreteras, etc. No os preocup\u00e9is si lleg\u00e1is muy pronto, habr\u00e1 m\u00fasica y el bar estar\u00e1 abierto.<\/li>\r\n     <li>A las 15:30h zarparemos rumbo a la bocana del puerto pesquero de Santurtzi, donde esperaremos a que salga la gabarra con el resto de barcos.<\/li>\r\n     <li>A las 16:30h la gabarra saldr\u00e1 del Real Club Mar\u00edtimo Del Abra.<\/li>\r\n     <li>Cuando la organizaci\u00f3n nos de paso, nos situaremos en el \u00faltimo grupo de la comitiva rumbo a Punta Zorroza (San Ignacio), donde la organizaci\u00f3n nos har\u00e1 dar la vuelta para poner rumbo a Portugalete, donde volveremos a atracar.<\/li>\r\n     <li>Aproximadamente cuando nos demos la vuelta en Zorroza, es cuando serviremos el catering.<\/li>\r\n     <li>Una vez atraquemos en Portugalete, que calculamos que ser\u00e1 sobre las 18:30h \u2013 19:00h, no es obligatorio desembarcar, permaneceremos abiertos hasta las 21:00h. La fiesta continuar\u00e1, por si quer\u00e9is invitar a vuestras\/os amigas\/os, la entrada ser\u00e1 libre.<\/li>\r\n     <\/ul>\r\n\r\n<h4>Informaci\u00f3n importante:<\/h4>\r\n<ul>\r\n     <li><a href=\"https:\/\/maps.app.goo.gl\/k8JzTAzmXHaWDBZj9\" target=\"_blank\" rel=\"noopener\">Haz clic aqu\u00ed para ver la localizaci\u00f3n del barco para el embarque.<\/a><\/li>\r\n     <li>Las plazas se venden s\u00f3lo en esta p\u00e1gina. Hay que pagar la plaza para reservarla.<\/li>\r\n     <li>Tel\u00e9fono para consultas: 625224972<\/li>\r\n<\/ul>\r\n\r\nLa fundaci\u00f3n barco Atyla es una organizaci\u00f3n sin \u00e1nimo de lucro y todos los que participamos en ella lo hacemos de una forma altruista. La totalidad del importe de los billetes se destina a la conservaci\u00f3n del barco, patrimonio vivo de Euskadi.\r\n\r\n<h4>AUPA ATHLETIC !!!!<\/h4>\r\n\r\n\r\n\r\n<b>La letra peque\u00f1a:<\/b>\r\n<ul>\r\n    <li>Los menores de edad siempre tendr\u00e1n que estar acompa\u00f1ados por un adulto y el importe de la entrada ser\u00e1 el mismo que los adultos. Los beb\u00e9s de menos de 1 a\u00f1o no necesitan entrada y pueden acceder en los brazos de sus padres.<\/li>\r\n     <li>Una vez cerrado el embarque no se admitir\u00e1n pasajeros, los horarios asignados por el Athletic son muy estrictos y si nos retrasamos, seremos excluidos del evento.<\/li>\r\n     <li>Se permiten cancelaciones, pero s\u00f3lo con una antelaci\u00f3n de al menos 48 horas antes del embarque.<\/li>\r\n     <li>No se admite comida o bebida del exterior.<\/li>\r\n     <li>Durante el trayecto, la organizaci\u00f3n proh\u00edbe el desembarque de pasajeros.<\/li>\r\n     <li>La fundaci\u00f3n barco Atyla no se hace responsable de los accidentes producidos por conductas negligentes y se reserva el derecho a expulsar a cualquier persona que no cumpla con las normas de seguridad o que altere notoriamente el normal desarrollo del evento.<\/li>\r\n     <li>La fundaci\u00f3n barco Atyla se reserva el derecho a suspender la navegaci\u00f3n por cualquier motivo, caso en el que se realizar\u00e1 una devoluci\u00f3n de todos los tickets vendidos hasta el momento.<\/li>\r\n     <li>Al comprar el billete, se aceptan estas condiciones.<\/li>\r\n<\/ul>","_et_gb_content_width":""},"product_cat":[101],"product_tag":[],"_links":{"self":[{"href":"https:\/\/atyla.org\/es\/wp-json\/wp\/v2\/product\/246334"}],"collection":[{"href":"https:\/\/atyla.org\/es\/wp-json\/wp\/v2\/product"}],"about":[{"href":"https:\/\/atyla.org\/es\/wp-json\/wp\/v2\/types\/product"}],"wp:featuredmedia":[{"embeddable":true,"href":"https:\/\/atyla.org\/es\/wp-json\/wp\/v2\/media\/246341"}],"wp:attachment":[{"href":"https:\/\/atyla.org\/es\/wp-json\/wp\/v2\/media?parent=246334"}],"wp:term":[{"taxonomy":"product_cat","embeddable":true,"href":"https:\/\/atyla.org\/es\/wp-json\/wp\/v2\/product_cat?post=246334"},{"taxonomy":"product_tag","embeddable":true,"href":"https:\/\/atyla.org\/es\/wp-json\/wp\/v2\/product_tag?post=246334"}],"curies":[{"name":"wp","href":"https:\/\/api.w.org\/{rel}","templated":true}]}}