{"id":242330,"date":"2022-10-17T18:16:45","date_gmt":"2022-10-17T16:16:45","guid":{"rendered":"https:\/\/atyla.org\/?post_type=product&#038;p=242330"},"modified":"2023-09-23T08:26:31","modified_gmt":"2023-09-23T06:26:31","slug":"bedsheets","status":"publish","type":"product","link":"https:\/\/atyla.org\/de\/-\/ostern-ferien-segeln-bilbao-gijon-2","title":{"rendered":"Bezahlen Sie f\u00fcr Bettw\u00e4sche w\u00e4hrend Ihres Aufenthalts an Bord"},"content":{"rendered":"<p>[et_pb_section fb_built=&#8221;1&#8243; custom_padding_last_edited=&#8221;on|phone&#8221; admin_label=&#8221;Hero&#8221; _builder_version=&#8221;4.16&#8243; background_color=&#8221;#aa0000&#8243; background_enable_image=&#8221;off&#8221; parallax=&#8221;on&#8221; custom_padding=&#8221;17px||17px||false|false&#8221; custom_padding_tablet=&#8221;&#8221; custom_padding_phone=&#8221;||10px||false|false&#8221; bottom_divider_color=&#8221;#ed4441&#8243; bottom_divider_height=&#8221;52px&#8221; locked=&#8221;off&#8221; global_colors_info=&#8221;{}&#8221;][et_pb_row use_custom_gutter=&#8221;on&#8221; gutter_width=&#8221;2&#8243; module_class=&#8221; et_pb_row_fullwidth&#8221; _builder_version=&#8221;4.16&#8243; width_tablet=&#8221;80%&#8221; width_phone=&#8221;&#8221; width_last_edited=&#8221;on|desktop&#8221; max_width_tablet=&#8221;100%&#8221; max_width_phone=&#8221;&#8221; max_width_last_edited=&#8221;on|desktop&#8221; custom_padding=&#8221;|||&#8221; make_fullwidth=&#8221;on&#8221; global_colors_info=&#8221;{}&#8221;][et_pb_column type=&#8221;4_4&#8243; _builder_version=&#8221;4.16&#8243; background_position=&#8221;top_left&#8221; custom_padding=&#8221;|||&#8221; global_colors_info=&#8221;{}&#8221; custom_padding__hover=&#8221;|||&#8221;][et_pb_text admin_label=&#8221;Hero Title&#8221; _builder_version=&#8221;4.20.4&#8243; text_font=&#8221;||||&#8221; text_text_color=&#8221;#1a1a1a&#8221; header_font=&#8221;||||||||&#8221; header_text_align=&#8221;center&#8221; header_font_size=&#8221;60px&#8221; header_line_height=&#8221;1.3em&#8221; background_layout=&#8221;dark&#8221; custom_margin=&#8221;||0px||false|false&#8221; animation_direction=&#8221;top&#8221; header_font_size_tablet=&#8221;&#8221; header_font_size_phone=&#8221;50px&#8221; header_font_size_last_edited=&#8221;on|phone&#8221; locked=&#8221;off&#8221; global_colors_info=&#8221;{}&#8221;]<\/p>\n<h1 style=\"text-align: left;\">Reserve bedclothes<\/h1>\n<p>[\/et_pb_text][\/et_pb_column][\/et_pb_row][\/et_pb_section][et_pb_section fb_built=&#8221;1&#8243; _builder_version=&#8221;4.16&#8243; custom_margin=&#8221;||||false|false&#8221; custom_padding=&#8221;0px||||false|false&#8221; collapsed=&#8221;off&#8221; global_colors_info=&#8221;{}&#8221;][et_pb_row column_structure=&#8221;1_3,1_3,1_3&#8243; use_custom_gutter=&#8221;on&#8221; gutter_width=&#8221;1&#8243; admin_label=&#8221;Fila 1&#8243; module_class=&#8221;four-columns-trip-top&#8221; _builder_version=&#8221;4.20.4&#8243; custom_margin=&#8221;||||false|false&#8221; custom_padding=&#8221;20px||||false|false&#8221; saved_tabs=&#8221;all&#8221; locked=&#8221;off&#8221; global_colors_info=&#8221;{}&#8221; disabled_on=&#8221;on|on|on&#8221; disabled=&#8221;on&#8221;][et_pb_column type=&#8221;1_3&#8243; _builder_version=&#8221;4.16&#8243; global_colors_info=&#8221;{}&#8221;][\/et_pb_column][et_pb_column type=&#8221;1_3&#8243; _builder_version=&#8221;4.16&#8243; global_colors_info=&#8221;{}&#8221;][\/et_pb_column][et_pb_column type=&#8221;1_3&#8243; _builder_version=&#8221;4.16&#8243; global_colors_info=&#8221;{}&#8221;][et_pb_button button_url=&#8221;@ET-DC@eyJkeW5hbWljIjp0cnVlLCJjb250ZW50IjoicG9zdF9saW5rX3VybF9wYWdlIiwic2V0dGluZ3MiOnsicG9zdF9pZCI6IjEwNiJ9fQ==@&#8221; button_text=&#8221;Back to the list of trips&#8221; button_alignment=&#8221;right&#8221; _builder_version=&#8221;4.16&#8243; _dynamic_attributes=&#8221;button_url&#8221; custom_button=&#8221;on&#8221; button_text_size=&#8221;13px&#8221; button_icon=&#8221;&#x23;||divi||400&#8243; button_icon_placement=&#8221;left&#8221; button_on_hover=&#8221;off&#8221; global_colors_info=&#8221;{}&#8221;][\/et_pb_button][\/et_pb_column][\/et_pb_row][et_pb_row column_structure=&#8221;3_5,2_5&#8243; use_custom_gutter=&#8221;on&#8221; gutter_width=&#8221;2&#8243; make_equal=&#8221;on&#8221; admin_label=&#8221;Fila 3&#8243; _builder_version=&#8221;4.16&#8243; custom_margin=&#8221;0px|auto||auto|false|false&#8221; custom_padding=&#8221;37px||||false|false&#8221; global_colors_info=&#8221;{}&#8221;][et_pb_column type=&#8221;3_5&#8243; _builder_version=&#8221;4.16&#8243; global_colors_info=&#8221;{}&#8221;][et_pb_wc_description _builder_version=&#8221;4.16&#8243; background_color=&#8221;rgba(214,214,214,0.3)&#8221; custom_padding=&#8221;20px|20px||20px|false|false&#8221; global_colors_info=&#8221;{}&#8221;][\/et_pb_wc_description][\/et_pb_column][et_pb_column type=&#8221;2_5&#8243; _builder_version=&#8221;4.16&#8243; global_colors_info=&#8221;{}&#8221;][et_pb_text _builder_version=&#8221;4.20.4&#8243; custom_margin=&#8221;||-10px||false|false&#8221; custom_padding=&#8221;||0px||false|false&#8221; global_colors_info=&#8221;{}&#8221;]<\/p>\n<p>Book a set of bedsheets:<\/p>\n<p>[\/et_pb_text][et_pb_wc_price _builder_version=&#8221;4.16&#8243; body_font=&#8221;|700|||||||&#8221; before_sale_price_text_color=&#8221;#7c7c7c&#8221; sale_price_text_color=&#8221;#ed4441&#8243; text_orientation=&#8221;center&#8221; custom_margin=&#8221;||0px||false|false&#8221; custom_padding=&#8221;||0px||false|false&#8221; global_colors_info=&#8221;{}&#8221;][\/et_pb_wc_price][et_pb_wc_add_to_cart show_quantity=&#8221;off&#8221; show_stock=&#8221;off&#8221; _builder_version=&#8221;4.16&#8243; fields_custom_margin=&#8221;20px||||false|false&#8221; fields_custom_padding=&#8221;||||false|false&#8221; dropdown_menus_custom_margin=&#8221;||0px||false|false&#8221; custom_button=&#8221;on&#8221; button_text_color=&#8221;#333333&#8243; button_border_color=&#8221;#333333&#8243; button_border_radius=&#8221;3px&#8221; button_use_icon=&#8221;off&#8221; button_custom_margin=&#8221;0px||||false|false&#8221; button_custom_padding=&#8221;||||false|false&#8221; custom_padding=&#8221;15px||0px||false|false&#8221; custom_padding_tablet=&#8221;0px||||false|false&#8221; custom_padding_phone=&#8221;0px||||false|false&#8221; custom_padding_last_edited=&#8221;on|desktop&#8221; global_colors_info=&#8221;{}&#8221; button_text_color__hover_enabled=&#8221;on|hover&#8221; button_text_color__hover=&#8221;#333333&#8243; button_border_color__hover_enabled=&#8221;on|hover&#8221; button_border_color__hover=&#8221;#333333&#8243;][\/et_pb_wc_add_to_cart][\/et_pb_column][\/et_pb_row][\/et_pb_section]<\/p>\n","protected":false},"excerpt":{"rendered":"<p>Sie haben gelesen <a href=\"https:\/\/atyla.org\/de\/bettwasche\/\" target=\"_blank\" rel=\"noopener\">die Seite \u00fcber das Bettzeug an Bord<\/a> und m\u00f6chten Sie ein Bettlaken f\u00fcr Ihren Aufenthalt an Bord der Atyla buchen?<b> <\/b>Sie k\u00f6nnen es hier tun.<\/p>\n<p>Bei der Buchung wird eine E-Mail an Sie und die Besatzung versandt, damit diese sich auf Ihre Ankunft vorbereiten k\u00f6nnen.<\/p>\n<p>Buchen Sie es zusammen mit Ihrer Reise oder allein, wenn Sie bereits eine Buchung haben.<\/p>","protected":false},"featured_media":243898,"template":"","meta":{"_et_pb_use_builder":"on","_et_pb_old_content":"","_et_gb_content_width":""},"product_cat":[121],"product_tag":[],"_links":{"self":[{"href":"https:\/\/atyla.org\/de\/wp-json\/wp\/v2\/product\/242330"}],"collection":[{"href":"https:\/\/atyla.org\/de\/wp-json\/wp\/v2\/product"}],"about":[{"href":"https:\/\/atyla.org\/de\/wp-json\/wp\/v2\/types\/product"}],"wp:featuredmedia":[{"embeddable":true,"href":"https:\/\/atyla.org\/de\/wp-json\/wp\/v2\/media\/243898"}],"wp:attachment":[{"href":"https:\/\/atyla.org\/de\/wp-json\/wp\/v2\/media?parent=242330"}],"wp:term":[{"taxonomy":"product_cat","embeddable":true,"href":"https:\/\/atyla.org\/de\/wp-json\/wp\/v2\/product_cat?post=242330"},{"taxonomy":"product_tag","embeddable":true,"href":"https:\/\/atyla.org\/de\/wp-json\/wp\/v2\/product_tag?post=242330"}],"curies":[{"name":"wp","href":"https:\/\/api.w.org\/{rel}","templated":true}]}}